{"id":8,"date":"2025-08-14T02:08:52","date_gmt":"2025-08-14T02:08:52","guid":{"rendered":"https:\/\/comercialaqua.cl\/?page_id=8"},"modified":"2025-08-30T14:40:11","modified_gmt":"2025-08-30T14:40:11","slug":"acerca-de","status":"publish","type":"page","link":"https:\/\/comercialaqua.cl\/index.php\/acerca-de\/","title":{"rendered":"Acerca de"},"content":{"rendered":"\n<div style=\"height:100px\" aria-hidden=\"true\" class=\"wp-block-spacer\"><\/div>\n\n\n\n<p><strong>Aqua Comercial SpA<\/strong> es una empresa fundada el 7 de septiembre de 2020, que se ha posicionado en el mercado gracias a su amplio y diversificado portafolio de productos. Desde nuestros inicios, nos hemos dedicado a satisfacer las necesidades de nuestros clientes en m\u00faltiples sectores, ofreciendo soluciones eficientes y de alta calidad.<\/p>\n\n\n\n<div style=\"height:25px\" aria-hidden=\"true\" class=\"wp-block-spacer\"><\/div>\n\n\n\n<p><strong>Nuestros Principales Giros Comerciales:<\/strong><\/p>\n\n\n\n<ul class=\"wp-block-list\">\n<li><strong>Comercializaci\u00f3n de Materiales para Construcci\u00f3n y Ferreter\u00eda:<\/strong> Somos un proveedor confiable para proyectos de construcci\u00f3n de cualquier envergadura, ofreciendo una extensa variedad de materiales, herramientas y productos de ferreter\u00eda al por mayor.<\/li>\n\n\n\n<li><strong>Venta de Repuestos:<\/strong> Contamos con una completa oferta de repuestos, tanto <strong>nuevos<\/strong> como <strong>usados<\/strong>, y <strong>alternativos<\/strong> de alta calidad, abarcando una amplia gama de veh\u00edculos y maquinaria. Nuestro compromiso es entregar la pieza adecuada para cada necesidad, asegurando un rendimiento \u00f3ptimo.<\/li>\n\n\n\n<li><strong>Comercializaci\u00f3n de Abarrotes en General:<\/strong> Para completar nuestra oferta, tambi\u00e9n nos especializamos en la venta de abarrotes, proveyendo productos esenciales para el d\u00eda a d\u00eda a diversos negocios.<\/li>\n<\/ul>\n\n\n\n<p>En <strong>Aqua Comercial SpA<\/strong>, nuestro principal objetivo es entregar un servicio de excelencia y construir relaciones a largo plazo con nuestros clientes, bas\u00e1ndonos en la confianza, la calidad y la eficiencia.<\/p>\n\n\n\n<div style=\"height:100px\" aria-hidden=\"true\" class=\"wp-block-spacer\"><\/div>\n\n\n\n<div class=\"wp-block-columns is-layout-flex wp-container-core-columns-is-layout-9d6595d7 wp-block-columns-is-layout-flex\">\n<div class=\"wp-block-column is-layout-flow wp-block-column-is-layout-flow\">\n<h2 class=\"wp-block-heading has-text-align-center\"><strong>Misi\u00f3n<\/strong><\/h2>\n\n\n\n<p class=\"has-text-align-center\">Ser un socio comercial estrat\u00e9gico para nuestros clientes, ofreciendo una amplia gama de productos de alta calidad en el rubro de la construcci\u00f3n, automotriz y abarrotes. Nos comprometemos a entregar soluciones integrales y un servicio de excelencia que genere confianza y valor a largo plazo.<\/p>\n<\/div>\n\n\n\n<div class=\"wp-block-column is-layout-flow wp-block-column-is-layout-flow\">\n<h2 class=\"wp-block-heading has-text-align-center\"><strong>Visi\u00f3n<\/strong><\/h2>\n\n\n\n<p class=\"has-text-align-center\">Consolidarnos como una empresa l\u00edder y referente en los mercados que servimos, destacando por nuestra capacidad de diversificaci\u00f3n, innovaci\u00f3n y adaptabilidad. Buscamos ser reconocidos por la calidad de nuestros productos, la eficiencia de nuestra log\u00edstica y la solidez de nuestras relaciones comerciales.<\/p>\n<\/div>\n<\/div>\n\n\n\n<h2 class=\"wp-block-heading has-text-align-center\"><strong>Fortaleza<\/strong><\/h2>\n\n\n\n<ul class=\"wp-block-list\">\n<li><strong>Diversificaci\u00f3n de Giros:<\/strong> Nuestra capacidad para operar en m\u00faltiples sectores (construcci\u00f3n, repuestos y abarrotes) nos permite mitigar riesgos y ofrecer una propuesta de valor \u00fanica, adaptada a las diferentes necesidades del mercado.<\/li>\n\n\n\n<li><strong>Amplia Oferta de Repuestos:<\/strong> La venta de repuestos nuevos, usados y alternativos nos diferencia, ofreciendo a los clientes una variedad de opciones que se ajustan a su presupuesto y requerimientos espec\u00edficos.<\/li>\n\n\n\n<li><strong>Enfoque en el Cliente:<\/strong> Nos enfocamos en construir relaciones s\u00f3lidas y duraderas, brindando un servicio personalizado y de alta calidad que garantiza la satisfacci\u00f3n total de nuestros clientes.<\/li>\n\n\n\n<li><strong>Flexibilidad y Adaptabilidad:<\/strong> Estamos constantemente evaluando las tendencias del mercado para ajustar nuestra oferta y mantenernos competitivos, asegurando que siempre tengamos los productos que nuestros clientes necesitan.Experiencia y mano de obra calificada<\/li>\n\n\n\n<li><strong>Cumplimiento de plazos y presupuestos<\/strong><\/li>\n\n\n\n<li><strong>Atenci\u00f3n personalizada<\/strong><\/li>\n\n\n\n<li><strong>Materiales y t\u00e9cnicas de alta calidad<\/strong><\/li>\n<\/ul>\n\n\n\n<div style=\"height:100px\" aria-hidden=\"true\" class=\"wp-block-spacer\"><\/div>\n\n\n\n<h2 class=\"wp-block-heading\"><strong>\u00bfPor Qu\u00e9 Elegirnos?<\/strong><\/h2>\n\n\n\n<p>Al elegir a&nbsp;Comercial Aqua spa, usted est\u00e1 optando por un socio estrat\u00e9gico que le ofrece:<\/p>\n\n\n\n<ul class=\"wp-block-list\">\n<li><strong>Soluciones Integrales:<\/strong>&nbsp;Un \u00fanico proveedor para sus necesidades de construcci\u00f3n y abastecimiento.<\/li>\n\n\n\n<li><strong>Experiencia y Profesionalismo:<\/strong>&nbsp;Un equipo comprometido con la excelencia.<\/li>\n\n\n\n<li><strong>Precios Competitivos:<\/strong>&nbsp;Calidad superior a precios accesibles.<\/li>\n\n\n\n<li><strong>Atenci\u00f3n Personalizada:<\/strong>&nbsp;Nos adaptamos a las necesidades espec\u00edficas de su proyecto o negocio.<\/li>\n<\/ul>\n\n\n\n<p><\/p>\n","protected":false},"excerpt":{"rendered":"<p>Aqua Comercial SpA es una empresa fundada el 7 de septiembre de 2020, que se ha posicionado en el mercado gracias a su amplio y diversificado portafolio de productos. Desde nuestros inicios, nos hemos dedicado a satisfacer las necesidades de nuestros clientes en m\u00faltiples sectores, ofreciendo soluciones eficientes y de alta calidad. Nuestros Principales Giros&hellip;&nbsp;<a href=\"https:\/\/comercialaqua.cl\/index.php\/acerca-de\/\" rel=\"bookmark\"><span class=\"screen-reader-text\">Acerca de<\/span><\/a><\/p>\n","protected":false},"author":1,"featured_media":0,"parent":0,"menu_order":0,"comment_status":"closed","ping_status":"closed","template":"","meta":{"neve_meta_sidebar":"","neve_meta_container":"","neve_meta_enable_content_width":"on","neve_meta_content_width":100,"neve_meta_title_alignment":"","neve_meta_author_avatar":"","neve_post_elements_order":"","neve_meta_disable_header":"","neve_meta_disable_footer":"","neve_meta_disable_title":"on","footnotes":""},"class_list":["post-8","page","type-page","status-publish","hentry"],"_links":{"self":[{"href":"https:\/\/comercialaqua.cl\/index.php\/wp-json\/wp\/v2\/pages\/8","targetHints":{"allow":["GET"]}}],"collection":[{"href":"https:\/\/comercialaqua.cl\/index.php\/wp-json\/wp\/v2\/pages"}],"about":[{"href":"https:\/\/comercialaqua.cl\/index.php\/wp-json\/wp\/v2\/types\/page"}],"author":[{"embeddable":true,"href":"https:\/\/comercialaqua.cl\/index.php\/wp-json\/wp\/v2\/users\/1"}],"replies":[{"embeddable":true,"href":"https:\/\/comercialaqua.cl\/index.php\/wp-json\/wp\/v2\/comments?post=8"}],"version-history":[{"count":15,"href":"https:\/\/comercialaqua.cl\/index.php\/wp-json\/wp\/v2\/pages\/8\/revisions"}],"predecessor-version":[{"id":309,"href":"https:\/\/comercialaqua.cl\/index.php\/wp-json\/wp\/v2\/pages\/8\/revisions\/309"}],"wp:attachment":[{"href":"https:\/\/comercialaqua.cl\/index.php\/wp-json\/wp\/v2\/media?parent=8"}],"curies":[{"name":"wp","href":"https:\/\/api.w.org\/{rel}","templated":true}]}}